{"id":328,"date":"2022-03-07T09:10:46","date_gmt":"2022-03-07T09:10:46","guid":{"rendered":"https:\/\/szczesliwewnetrze.pl\/?page_id=328"},"modified":"2022-04-20T12:41:23","modified_gmt":"2022-04-20T12:41:23","slug":"faq","status":"publish","type":"page","link":"https:\/\/szczesliwewnetrze.pl\/en\/faq\/","title":{"rendered":"FAQ"},"content":{"rendered":"<div id=\"fws_69fb0073287b9\"  data-column-margin=\"default\" data-midnight=\"dark\" data-top-percent=\"5%\" data-bottom-percent=\"5%\"  class=\"wpb_row vc_row-fluid vc_row full-width-content vc_row-o-equal-height vc_row-flex vc_row-o-content-middle  zindex-set right_padding_6pct left_padding_6pct top_padding_tablet_20pct top_padding_phone_25pct\"  style=\"padding-top: calc(100vw * 0.05); padding-bottom: calc(100vw * 0.05);  z-index: 100;\"><div class=\"row-bg-wrap\" data-bg-animation=\"fade-in\" data-bg-animation-delay=\"\" data-bg-overlay=\"false\"><div class=\"inner-wrap row-bg-layer\" ><div class=\"row-bg viewport-desktop\"  style=\"\"><\/div><\/div><div class=\"row-bg-overlay row-bg-layer\" style=\"background:linear-gradient(21deg, rgb(245,130,32) 18%, rgb(250, 167, 74) 47%, rgb(254,208,158) 75%, rgb(252, 211, 193) 100%);\"><\/div><\/div><div class=\"row_col_wrap_12 col span_12 dark left\">\n\t<div  class=\"vc_col-sm-12 wpb_column column_container vc_column_container col no-extra-padding inherit_tablet inherit_phone\"  data-padding-pos=\"all\" data-has-bg-color=\"false\" data-bg-color=\"\" data-bg-opacity=\"1\" data-animation=\"\" data-delay=\"0\" >\n\t\t<div class=\"vc_column-inner\" >\n\t\t\t<div class=\"wpb_wrapper\">\n\t\t\t\t<div id=\"fws_69fb007328eeb\" data-midnight=\"\" data-column-margin=\"default\" class=\"wpb_row vc_row-fluid vc_row inner_row vc_row-o-equal-height vc_row-flex vc_row-o-content-middle\"  style=\"\"><div class=\"row-bg-wrap\"> <div class=\"row-bg\" ><\/div> <\/div><div class=\"row_col_wrap_12_inner col span_12  left\">\n\t<div  class=\"vc_col-sm-3\/5 vc_col-md-9 wpb_column column_container vc_column_container col child_column padding-5-percent bottom_margin_tablet_20px inherit_tablet inherit_phone\"    data-t-w-inherits=\"small_desktop\" data-padding-pos=\"left\" data-has-bg-color=\"false\" data-bg-color=\"\" data-bg-opacity=\"1\" data-animation=\"\" data-delay=\"0\" >\n\t\t<div class=\"vc_column-inner\" >\n\t\t<div class=\"wpb_wrapper\">\n\t\t\t<div class=\"nectar-split-heading  font_size_9vw font_size_tablet_9vw font_size_phone_10vw\" data-align=\"default\" data-m-align=\"inherit\" data-text-effect=\"letter-reveal-bottom\" data-animation-type=\"line-reveal-by-space\" data-animation-delay=\"0\" data-animation-offset=\"\" data-m-rm-animation=\"true\" data-stagger=\"true\" data-custom-font-size=\"true\" style=\"font-size: 9vw; line-height: 9.9vw;\"><h1 >FAQ<\/h1><\/div>\n\t\t<\/div> \n\t<\/div>\n\t<\/div> \n\n\t<div  class=\"vc_col-sm-2\/5 vc_col-md-3 wpb_column column_container vc_column_container col child_column has-animation no-extra-padding el_spacing_10px inherit_tablet inherit_phone mobile-disable-entrance-animation\"    data-t-w-inherits=\"small_desktop\" data-padding-pos=\"all\" data-has-bg-color=\"false\" data-bg-color=\"\" data-bg-opacity=\"1\" data-animation=\"fade-in-from-bottom\" data-delay=\"500\" >\n\t\t<div class=\"vc_column-inner\" >\n\t\t<div class=\"wpb_wrapper\">\n\t\t\t\n\t\t<\/div> \n\t<\/div>\n\t<\/div> \n<\/div><\/div>\n\t\t\t<\/div> \n\t\t<\/div>\n\t<\/div> \n<\/div><\/div>\n\t\t<div id=\"fws_69fb007329981\"  data-column-margin=\"default\" data-midnight=\"dark\"  class=\"wpb_row vc_row-fluid vc_row full-width-content vc_row-o-equal-height vc_row-flex vc_row-o-content-top  top_margin_-10pct bottom_margin_1pct\"  style=\"padding-top: 0px; padding-bottom: 0px; \"><div class=\"row-bg-wrap\" data-bg-animation=\"none\" data-bg-animation-delay=\"\" data-bg-overlay=\"false\"><div class=\"inner-wrap row-bg-layer\" ><div class=\"row-bg viewport-desktop\"  style=\"\"><\/div><\/div><\/div><div class=\"row_col_wrap_12 col span_12 dark left\">\n\t<div style=\"\" class=\"vc_col-sm-12 wpb_column column_container vc_column_container col has-animation no-extra-padding inherit_tablet inherit_phone mobile-disable-entrance-animation\" data-using-bg=\"true\" data-bg-cover=\"true\" data-padding-pos=\"all\" data-has-bg-color=\"false\" data-bg-color=\"\" data-bg-opacity=\"1\" data-animation=\"fade-in-from-bottom\" data-delay=\"600\" >\n\t\t<div class=\"vc_column-inner\" ><div class=\"column-image-bg-wrap column-bg-layer viewport-desktop\" data-n-parallax-bg=\"true\" data-parallax-speed=\"very_subtle\" data-bg-pos=\"center bottom\" data-bg-animation=\"none\" data-bg-overlay=\"false\"><div class=\"inner-wrap\"><div class=\"column-image-bg parallax-layer\" style=\" background-image: url('https:\/\/szczesliwewnetrze.pl\/wp-content\/uploads\/2022\/03\/pytanie-odpowiedz.jpg'); \"><\/div><\/div><\/div>\n\t\t\t<div class=\"wpb_wrapper\">\n\t\t\t\t<div class=\"divider-wrap height_tablet_70vh height_phone_50vh\" data-alignment=\"default\"><div style=\"height: 100vh;\" class=\"divider\"><\/div><\/div>\n\t\t\t<\/div> \n\t\t<\/div>\n\t<\/div> \n<\/div><\/div>\n\t\t<div id=\"explainer\"  data-column-margin=\"default\" data-midnight=\"dark\" data-top-percent=\"6%\" data-bottom-percent=\"6%\"  class=\"wpb_row vc_row-fluid vc_row full-width-section vc_row-o-equal-height vc_row-flex vc_row-o-content-middle\"  style=\"padding-top: calc(100vw * 0.06); padding-bottom: calc(100vw * 0.06); \"><div class=\"row-bg-wrap\" data-bg-animation=\"none\" data-bg-animation-delay=\"\" data-bg-overlay=\"false\"><div class=\"inner-wrap row-bg-layer\" ><div class=\"row-bg viewport-desktop\"  style=\"\"><\/div><\/div><\/div><div class=\"row_col_wrap_12 col span_12 dark left\">\n\t<div  class=\"vc_col-sm-3 wpb_column column_container vc_column_container col padding-2-percent inherit_tablet inherit_phone\"  data-padding-pos=\"right\" data-has-bg-color=\"false\" data-bg-color=\"\" data-bg-opacity=\"1\" data-animation=\"\" data-delay=\"0\" >\n\t\t<div class=\"vc_column-inner\" >\n\t\t\t<div class=\"wpb_wrapper\">\n\t\t\t\t\n\t\t\t<\/div> \n\t\t<\/div>\n\t<\/div> \n\n\t<div  class=\"vc_col-sm-6 wpb_column column_container vc_column_container col no-extra-padding inherit_tablet inherit_phone\"  data-padding-pos=\"all\" data-has-bg-color=\"false\" data-bg-color=\"\" data-bg-opacity=\"1\" data-animation=\"\" data-delay=\"0\" >\n\t\t<div class=\"vc_column-inner\" >\n\t\t\t<div class=\"wpb_wrapper\">\n\t\t\t\t\n<div class=\"wpb_text_column wpb_content_element  vc_custom_1650458481617\" >\n\t<h2><span style=\"color: #ff9900;\"><strong>Najcz\u0119\u015bciej zadawane pytania (FAQ)<\/strong><\/span><\/h2>\n<\/div>\n\n\n\n<div class=\"toggles accordion\" data-br=\"\" data-starting=\"default\" data-style=\"minimal_small\"><div class=\"toggle default\" data-inner-wrap=\"true\"><h3 class=\"toggle-title\"><a href=\"#\" role=\"button\" class=\"toggle-heading\"><i role=\"presentation\" class=\"fa fa-plus\"><\/i>Firma posiada ubezpieczenie NNW?<\/a><\/h3><div><div class=\"inner-toggle-wrap\">\n<div class=\"wpb_text_column wpb_content_element\" >\n\t<p style=\"text-align: justify\"><strong>Tak<\/strong>. Wszystkie prace s\u0105 obj\u0119te ubezpieczeniem.<\/p>\n<\/div>\n\n\n\n<\/div><\/div><\/div><div class=\"toggle default\" data-inner-wrap=\"true\"><h3 class=\"toggle-title\"><a href=\"#\" role=\"button\" class=\"toggle-heading\"><i role=\"presentation\" class=\"fa fa-plus\"><\/i>Czy cena remontu obejmuje materia\u0142y?<\/a><\/h3><div><div class=\"inner-toggle-wrap\">\n<div class=\"wpb_text_column wpb_content_element\" >\n\t<p style=\"text-align: justify\"><strong>Nie<\/strong> wliczamy materia\u0142\u00f3w w cen\u0119, oczywi\u015bcie mo\u017cemy indywidualnie z klientem ustali\u0107 szczeg\u00f3\u0142ow\u0105 wycen\u0119 wliczaj\u0105c w to zu\u017cycie materia\u0142u koszt takiej szczeg\u00f3\u0142owej wyceny samych materia\u0142\u00f3w to 500 z\u0142.<\/p>\n<\/div>\n\n\n\n<\/div><\/div><\/div><div class=\"toggle default\" data-inner-wrap=\"true\"><h3 class=\"toggle-title\"><a href=\"#\" role=\"button\" class=\"toggle-heading\"><i role=\"presentation\" class=\"fa fa-plus\"><\/i>Gwarancja<\/a><\/h3><div><div class=\"inner-toggle-wrap\">\n<div class=\"wpb_text_column wpb_content_element\" >\n\t<div class=\"gmail_default\" style=\"text-align: justify\">Udzielamy gwarancji na 24 miesi\u0105ce od zako\u0144czenia prac.<\/div>\n<\/div>\n\n\n\n<\/div><\/div><\/div><div class=\"toggle default\" data-inner-wrap=\"true\"><h3 class=\"toggle-title\"><a href=\"#\" role=\"button\" class=\"toggle-heading\"><i role=\"presentation\" class=\"fa fa-plus\"><\/i>Prace dodatkowe<\/a><\/h3><div><div class=\"inner-toggle-wrap\">\n<div class=\"wpb_text_column wpb_content_element\" >\n\t<p style=\"text-align: justify\">Je\u015bli wyst\u0105pi\u0105 ka\u017cdorazowo klient musi pisemnie potwierdzi\u0107 ich cen\u0119 zakres. Zostaje r\u00f3wnie\u017c okre\u015blony czas w jakim zostan\u0105 zrealizowane i czy wp\u0142ynie to na termin ko\u0144cowy. Dotyczy to szczeg\u00f3lnie mieszka\u0144 z rynku wt\u00f3rnego, w kt\u00f3rych cz\u0119sto nie mo\u017cna przewidzie\u0107 pe\u0142nego zakresu prac do \u00a0wykonania.<\/p>\n<\/div>\n\n\n\n<\/div><\/div><\/div><div class=\"toggle default\" data-inner-wrap=\"true\"><h3 class=\"toggle-title\"><a href=\"#\" role=\"button\" class=\"toggle-heading\"><i role=\"presentation\" class=\"fa fa-plus\"><\/i>Umowa<\/a><\/h3><div><div class=\"inner-toggle-wrap\">\n<div class=\"wpb_text_column wpb_content_element\" >\n\t<p style=\"text-align: justify\">Zawsze przed realizacj\u0105 obustronnie podpisujemy umow\u0119 wraz ze szczeg\u00f3\u0142owym opisem prac.<\/p>\n<\/div>\n\n\n\n<\/div><\/div><\/div><div class=\"toggle default\" data-inner-wrap=\"true\"><h3 class=\"toggle-title\"><a href=\"#\" role=\"button\" class=\"toggle-heading\"><i role=\"presentation\" class=\"fa fa-plus\"><\/i>Zaliczka<\/a><\/h3><div><div class=\"inner-toggle-wrap\">\n<div class=\"wpb_text_column wpb_content_element\" >\n\t<p style=\"text-align: justify\">Pobieramy od 15 do 30% zaliczki na poczet realizacji um\u00f3wionego zakresu prac.<\/p>\n<\/div>\n\n\n\n<\/div><\/div><\/div><div class=\"toggle default\" data-inner-wrap=\"true\"><h3 class=\"toggle-title\"><a href=\"#\" role=\"button\" class=\"toggle-heading\"><i role=\"presentation\" class=\"fa fa-plus\"><\/i>Wycena prac ile kosztuje, co zawiera<\/a><\/h3><div><div class=\"inner-toggle-wrap\">\n<div class=\"wpb_text_column wpb_content_element\" >\n\t<div class=\"gmail_default\" style=\"text-align: justify\">Koszt wyceny zale\u017cy od tego co klient chce, \u017ceby\u015bmy wycenili. Mamy kilka mo\u017cliwo\u015bci kalkulacji:<\/div>\n<ul>\n<li class=\"gmail_default\">\u0142azienka 200 netto<\/li>\n<li class=\"gmail_default\">\u0142azienka i toaleta 300 netto<\/li>\n<li class=\"gmail_default\">Wycena ca\u0142ego mieszkania (domu) z 2 \u0142azienkami 450 netto<\/li>\n<\/ul>\n<\/div>\n\n\n\n<\/div><\/div><\/div><\/div>\n\t\t\t<\/div> \n\t\t<\/div>\n\t<\/div> \n\n\t<div  class=\"vc_col-sm-3 wpb_column column_container vc_column_container col no-extra-padding inherit_tablet inherit_phone\"  data-padding-pos=\"all\" data-has-bg-color=\"false\" data-bg-color=\"\" data-bg-opacity=\"1\" data-animation=\"\" data-delay=\"0\" >\n\t\t<div class=\"vc_column-inner\" >\n\t\t\t<div class=\"wpb_wrapper\">\n\t\t\t\t\n\t\t\t<\/div> \n\t\t<\/div>\n\t<\/div> \n<\/div><\/div>\n\t\t<div id=\"fws_69fb00732c338\"  data-column-margin=\"default\" data-midnight=\"light\" data-bottom-percent=\"15%\"  class=\"wpb_row vc_row-fluid vc_row full-width-section\"  style=\"padding-top: 0px; padding-bottom: calc(100vw * 0.15); \"><div class=\"row-bg-wrap\" data-bg-animation=\"none\" data-bg-animation-delay=\"\" data-bg-overlay=\"true\"><div class=\"inner-wrap row-bg-layer using-image\" ><div class=\"row-bg viewport-desktop using-image\"  style=\"background-image: url(https:\/\/szczesliwewnetrze.pl\/wp-content\/uploads\/2022\/03\/kontakt-bottom.jpg); background-position: center center; background-repeat: no-repeat; \"><\/div><\/div><div class=\"row-bg-overlay row-bg-layer\" style=\"background: #000000; background: linear-gradient(90deg,#000000 0%,rgba(10,10,10,0.2) 100%);  opacity: 0.5; \"><\/div><\/div><div class=\"row_col_wrap_12 col span_12 light left\">\n\t<div  class=\"vc_col-sm-6 wpb_column column_container vc_column_container col padding-10-percent inherit_tablet inherit_phone\"  data-padding-pos=\"top\" data-has-bg-color=\"false\" data-bg-color=\"\" data-bg-opacity=\"1\" data-animation=\"\" data-delay=\"0\" >\n\t\t<div class=\"vc_column-inner\" >\n\t\t\t<div class=\"wpb_wrapper\">\n\t\t\t\t<div class=\"nectar-split-heading\" data-align=\"default\" data-m-align=\"inherit\" data-text-effect=\"default\" data-animation-type=\"line-reveal-by-space\" data-animation-delay=\"0\" data-animation-offset=\"\" data-m-rm-animation=\"\" data-stagger=\"\" data-custom-font-size=\"false\" ><h1 >Look no further<\/h1><\/div><div id=\"fws_69fb00732c8a0\" data-midnight=\"\" data-column-margin=\"default\" class=\"wpb_row vc_row-fluid vc_row inner_row\"  style=\"\"><div class=\"row-bg-wrap\"> <div class=\"row-bg\" ><\/div> <\/div><div class=\"row_col_wrap_12_inner col span_12  left\">\n\t<div  class=\"vc_col-sm-12 wpb_column column_container vc_column_container col child_column has-animation no-extra-padding inherit_tablet inherit_phone\"   data-padding-pos=\"all\" data-has-bg-color=\"false\" data-bg-color=\"\" data-bg-opacity=\"1\" data-animation=\"fade-in-from-bottom\" data-delay=\"300\" >\n\t\t<div class=\"vc_column-inner\" >\n\t\t<div class=\"wpb_wrapper\">\n\t\t\t<p style=\"font-size: 20px;color: rgba(255,255,255,0.7);line-height: 25px;text-align: left\" class=\"vc_custom_heading vc_do_custom_heading\" ><a href=\"https:\/\/szczesliwewnetrze.pl\/en\/oferta\/\" title=\"Offer\">Read the details of the offer.<br \/>\nReady to make changes in your apartment?<\/a><\/p>\n\t\t<\/div> \n\t<\/div>\n\t<\/div> \n<\/div><\/div><div id=\"fws_69fb00732cfcb\" data-midnight=\"\" data-column-margin=\"default\" class=\"wpb_row vc_row-fluid vc_row inner_row\"  style=\"padding-top: 30px; \"><div class=\"row-bg-wrap\"> <div class=\"row-bg\" ><\/div> <\/div><div class=\"row_col_wrap_12_inner col span_12  left\">\n\t<div  class=\"vc_col-sm-12 wpb_column column_container vc_column_container col child_column has-animation no-extra-padding inherit_tablet inherit_phone\"   data-padding-pos=\"all\" data-has-bg-color=\"false\" data-bg-color=\"\" data-bg-opacity=\"1\" data-animation=\"fade-in-from-bottom\" data-delay=\"500\" >\n\t\t<div class=\"vc_column-inner\" >\n\t\t<div class=\"wpb_wrapper\">\n\t\t\t<a class=\"nectar-button jumbo see-through m-extra-color-gradient-1 wpb_animate_when_almost_visible wpb_bounceIn bounceIn\"  role=\"button\" style=\"border-color: #000000; color: #000000;\"  href=\"\/en\/kontakt\/\" data-color-override=\"#000000\" data-hover-color-override=\"false\" data-hover-text-color-override=\"#fff\"><span>Contact<\/span><\/a>\n\t\t<\/div> \n\t<\/div>\n\t<\/div> \n<\/div><\/div>\n\t\t\t<\/div> \n\t\t<\/div>\n\t<\/div> \n\n\t<div  class=\"vc_col-sm-6 wpb_column column_container vc_column_container col no-extra-padding inherit_tablet inherit_phone\"  data-padding-pos=\"all\" data-has-bg-color=\"false\" data-bg-color=\"\" data-bg-opacity=\"1\" data-animation=\"\" data-delay=\"0\" >\n\t\t<div class=\"vc_column-inner\" >\n\t\t\t<div class=\"wpb_wrapper\">\n\t\t\t\t\n\t\t\t<\/div> \n\t\t<\/div>\n\t<\/div> \n<\/div><\/div>","protected":false},"excerpt":{"rendered":"FAQ Najcz\u0119\u015bciej zadawane pytania (FAQ) Firma posiada ubezpieczenie NNW? Tak. Wszystkie prace s\u0105 obj\u0119te ubezpieczeniem. Czy cena remontu obejmuje materia\u0142y? Nie wliczamy materia\u0142\u00f3w w cen\u0119, oczywi\u015bcie mo\u017cemy indywidualnie z klientem...","protected":false},"author":1,"featured_media":0,"parent":0,"menu_order":0,"comment_status":"closed","ping_status":"closed","template":"","meta":{"footnotes":""},"class_list":["post-328","page","type-page","status-publish"],"yoast_head":"<!-- This site is optimized with the Yoast SEO plugin v26.6 - https:\/\/yoast.com\/wordpress\/plugins\/seo\/ -->\n<title>FAQ - SZCZ\u0118\u015aLIWE WN\u0118TRZE<\/title>\n<meta name=\"robots\" content=\"index, follow, max-snippet:-1, max-image-preview:large, max-video-preview:-1\" \/>\n<link rel=\"canonical\" href=\"https:\/\/szczesliwewnetrze.pl\/en\/faq\/\" \/>\n<meta property=\"og:locale\" content=\"en_US\" \/>\n<meta property=\"og:type\" content=\"article\" \/>\n<meta property=\"og:title\" content=\"FAQ - SZCZ\u0118\u015aLIWE WN\u0118TRZE\" \/>\n<meta property=\"og:url\" content=\"https:\/\/szczesliwewnetrze.pl\/en\/faq\/\" \/>\n<meta property=\"og:site_name\" content=\"SZCZ\u0118\u015aLIWE WN\u0118TRZE\" \/>\n<meta property=\"article:modified_time\" content=\"2022-04-20T12:41:23+00:00\" \/>\n<meta name=\"twitter:card\" content=\"summary_large_image\" \/>\n<meta name=\"twitter:label1\" content=\"Est. reading time\" \/>\n\t<meta name=\"twitter:data1\" content=\"10 minutes\" \/>\n<script type=\"application\/ld+json\" class=\"yoast-schema-graph\">{\"@context\":\"https:\/\/schema.org\",\"@graph\":[{\"@type\":\"WebPage\",\"@id\":\"https:\/\/szczesliwewnetrze.pl\/faq\/\",\"url\":\"https:\/\/szczesliwewnetrze.pl\/faq\/\",\"name\":\"FAQ - SZCZ\u0118\u015aLIWE WN\u0118TRZE\",\"isPartOf\":{\"@id\":\"https:\/\/szczesliwewnetrze.pl\/#website\"},\"datePublished\":\"2022-03-07T09:10:46+00:00\",\"dateModified\":\"2022-04-20T12:41:23+00:00\",\"breadcrumb\":{\"@id\":\"https:\/\/szczesliwewnetrze.pl\/faq\/#breadcrumb\"},\"inLanguage\":\"en-US\",\"potentialAction\":[{\"@type\":\"ReadAction\",\"target\":[\"https:\/\/szczesliwewnetrze.pl\/faq\/\"]}]},{\"@type\":\"BreadcrumbList\",\"@id\":\"https:\/\/szczesliwewnetrze.pl\/faq\/#breadcrumb\",\"itemListElement\":[{\"@type\":\"ListItem\",\"position\":1,\"name\":\"Strona g\u0142\u00f3wna\",\"item\":\"https:\/\/szczesliwewnetrze.pl\/\"},{\"@type\":\"ListItem\",\"position\":2,\"name\":\"FAQ\"}]},{\"@type\":\"WebSite\",\"@id\":\"https:\/\/szczesliwewnetrze.pl\/#website\",\"url\":\"https:\/\/szczesliwewnetrze.pl\/\",\"name\":\"SZCZ\u0118\u015aLIWE WN\u0118TRZE\",\"description\":\"Projekty, budowa wn\u0119trza, wystr\u00f3j.\",\"potentialAction\":[{\"@type\":\"SearchAction\",\"target\":{\"@type\":\"EntryPoint\",\"urlTemplate\":\"https:\/\/szczesliwewnetrze.pl\/?s={search_term_string}\"},\"query-input\":{\"@type\":\"PropertyValueSpecification\",\"valueRequired\":true,\"valueName\":\"search_term_string\"}}],\"inLanguage\":\"en-US\"}]}<\/script>\n<!-- \/ Yoast SEO plugin. -->","yoast_head_json":{"title":"FAQ - SZCZ\u0118\u015aLIWE WN\u0118TRZE","robots":{"index":"index","follow":"follow","max-snippet":"max-snippet:-1","max-image-preview":"max-image-preview:large","max-video-preview":"max-video-preview:-1"},"canonical":"https:\/\/szczesliwewnetrze.pl\/en\/faq\/","og_locale":"en_US","og_type":"article","og_title":"FAQ - SZCZ\u0118\u015aLIWE WN\u0118TRZE","og_url":"https:\/\/szczesliwewnetrze.pl\/en\/faq\/","og_site_name":"SZCZ\u0118\u015aLIWE WN\u0118TRZE","article_modified_time":"2022-04-20T12:41:23+00:00","twitter_card":"summary_large_image","twitter_misc":{"Est. reading time":"10 minutes"},"schema":{"@context":"https:\/\/schema.org","@graph":[{"@type":"WebPage","@id":"https:\/\/szczesliwewnetrze.pl\/faq\/","url":"https:\/\/szczesliwewnetrze.pl\/faq\/","name":"FAQ - SZCZ\u0118\u015aLIWE WN\u0118TRZE","isPartOf":{"@id":"https:\/\/szczesliwewnetrze.pl\/#website"},"datePublished":"2022-03-07T09:10:46+00:00","dateModified":"2022-04-20T12:41:23+00:00","breadcrumb":{"@id":"https:\/\/szczesliwewnetrze.pl\/faq\/#breadcrumb"},"inLanguage":"en-US","potentialAction":[{"@type":"ReadAction","target":["https:\/\/szczesliwewnetrze.pl\/faq\/"]}]},{"@type":"BreadcrumbList","@id":"https:\/\/szczesliwewnetrze.pl\/faq\/#breadcrumb","itemListElement":[{"@type":"ListItem","position":1,"name":"Strona g\u0142\u00f3wna","item":"https:\/\/szczesliwewnetrze.pl\/"},{"@type":"ListItem","position":2,"name":"FAQ"}]},{"@type":"WebSite","@id":"https:\/\/szczesliwewnetrze.pl\/#website","url":"https:\/\/szczesliwewnetrze.pl\/","name":"HAPPY INTERIOR","description":"Projekty, budowa wn\u0119trza, wystr\u00f3j.","potentialAction":[{"@type":"SearchAction","target":{"@type":"EntryPoint","urlTemplate":"https:\/\/szczesliwewnetrze.pl\/?s={search_term_string}"},"query-input":{"@type":"PropertyValueSpecification","valueRequired":true,"valueName":"search_term_string"}}],"inLanguage":"en-US"}]}},"_links":{"self":[{"href":"https:\/\/szczesliwewnetrze.pl\/en\/wp-json\/wp\/v2\/pages\/328","targetHints":{"allow":["GET"]}}],"collection":[{"href":"https:\/\/szczesliwewnetrze.pl\/en\/wp-json\/wp\/v2\/pages"}],"about":[{"href":"https:\/\/szczesliwewnetrze.pl\/en\/wp-json\/wp\/v2\/types\/page"}],"author":[{"embeddable":true,"href":"https:\/\/szczesliwewnetrze.pl\/en\/wp-json\/wp\/v2\/users\/1"}],"replies":[{"embeddable":true,"href":"https:\/\/szczesliwewnetrze.pl\/en\/wp-json\/wp\/v2\/comments?post=328"}],"version-history":[{"count":33,"href":"https:\/\/szczesliwewnetrze.pl\/en\/wp-json\/wp\/v2\/pages\/328\/revisions"}],"predecessor-version":[{"id":1212,"href":"https:\/\/szczesliwewnetrze.pl\/en\/wp-json\/wp\/v2\/pages\/328\/revisions\/1212"}],"wp:attachment":[{"href":"https:\/\/szczesliwewnetrze.pl\/en\/wp-json\/wp\/v2\/media?parent=328"}],"curies":[{"name":"wp","href":"https:\/\/api.w.org\/{rel}","templated":true}]}}