{"id":323,"date":"2022-03-07T08:58:02","date_gmt":"2022-03-07T08:58:02","guid":{"rendered":"https:\/\/szczesliwewnetrze.pl\/?page_id=323"},"modified":"2022-04-16T09:04:48","modified_gmt":"2022-04-16T09:04:48","slug":"referencje","status":"publish","type":"page","link":"https:\/\/szczesliwewnetrze.pl\/en\/referencje\/","title":{"rendered":"Referencje"},"content":{"rendered":"<div id=\"fws_69faf781c857b\"  data-column-margin=\"default\" data-midnight=\"dark\" data-top-percent=\"5%\" data-bottom-percent=\"5%\"  class=\"wpb_row vc_row-fluid vc_row full-width-content vc_row-o-equal-height vc_row-flex vc_row-o-content-middle  zindex-set right_padding_6pct left_padding_6pct top_padding_tablet_20pct top_padding_phone_25pct\"  style=\"padding-top: calc(100vw * 0.05); padding-bottom: calc(100vw * 0.05);  z-index: 100;\"><div class=\"row-bg-wrap\" data-bg-animation=\"fade-in\" data-bg-animation-delay=\"\" data-bg-overlay=\"false\"><div class=\"inner-wrap row-bg-layer\" ><div class=\"row-bg viewport-desktop\"  style=\"\"><\/div><\/div><div class=\"row-bg-overlay row-bg-layer\" style=\"background:linear-gradient(21deg, rgb(245,130,32) 18%, rgb(250, 167, 74) 47%, rgb(254,208,158) 75%, rgb(252, 211, 193) 100%);\"><\/div><\/div><div class=\"row_col_wrap_12 col span_12 dark left\">\n\t<div  class=\"vc_col-sm-12 wpb_column column_container vc_column_container col no-extra-padding inherit_tablet inherit_phone\"  data-padding-pos=\"all\" data-has-bg-color=\"false\" data-bg-color=\"\" data-bg-opacity=\"1\" data-animation=\"\" data-delay=\"0\" >\n\t\t<div class=\"vc_column-inner\" >\n\t\t\t<div class=\"wpb_wrapper\">\n\t\t\t\t<div id=\"fws_69faf781c8ed8\" data-midnight=\"\" data-column-margin=\"default\" class=\"wpb_row vc_row-fluid vc_row inner_row vc_row-o-equal-height vc_row-flex vc_row-o-content-middle\"  style=\"\"><div class=\"row-bg-wrap\"> <div class=\"row-bg\" ><\/div> <\/div><div class=\"row_col_wrap_12_inner col span_12  left\">\n\t<div  class=\"vc_col-sm-4\/5 vc_col-md-9 wpb_column column_container vc_column_container col child_column padding-5-percent bottom_margin_tablet_20px inherit_tablet inherit_phone\"    data-t-w-inherits=\"small_desktop\" data-padding-pos=\"left\" data-has-bg-color=\"false\" data-bg-color=\"\" data-bg-opacity=\"1\" data-animation=\"\" data-delay=\"0\" >\n\t\t<div class=\"vc_column-inner\" >\n\t\t<div class=\"wpb_wrapper\">\n\t\t\t<div class=\"nectar-split-heading  font_size_9vw font_size_tablet_9vw font_size_phone_10vw\" data-align=\"default\" data-m-align=\"inherit\" data-text-effect=\"letter-reveal-bottom\" data-animation-type=\"line-reveal-by-space\" data-animation-delay=\"0\" data-animation-offset=\"\" data-m-rm-animation=\"true\" data-stagger=\"true\" data-custom-font-size=\"true\" style=\"font-size: 9vw; line-height: 9.9vw;\"><h1 >Referencje<\/h1><\/div>\n\t\t<\/div> \n\t<\/div>\n\t<\/div> \n\n\t<div  class=\"vc_col-sm-1\/5 vc_col-md-3 wpb_column column_container vc_column_container col child_column has-animation no-extra-padding el_spacing_10px inherit_tablet inherit_phone mobile-disable-entrance-animation\"    data-t-w-inherits=\"small_desktop\" data-padding-pos=\"all\" data-has-bg-color=\"false\" data-bg-color=\"\" data-bg-opacity=\"1\" data-animation=\"fade-in-from-bottom\" data-delay=\"500\" >\n\t\t<div class=\"vc_column-inner\" >\n\t\t<div class=\"wpb_wrapper\">\n\t\t\t\n\t\t<\/div> \n\t<\/div>\n\t<\/div> \n<\/div><\/div>\n\t\t\t<\/div> \n\t\t<\/div>\n\t<\/div> \n<\/div><\/div>\n\t\t<div id=\"fws_69faf781c9b7e\"  data-column-margin=\"default\" data-midnight=\"dark\"  class=\"wpb_row vc_row-fluid vc_row full-width-content vc_row-o-equal-height vc_row-flex vc_row-o-content-top  top_margin_-5pct\"  style=\"padding-top: 0px; padding-bottom: 0px; \"><div class=\"row-bg-wrap\" data-bg-animation=\"none\" data-bg-animation-delay=\"\" data-bg-overlay=\"false\"><div class=\"inner-wrap row-bg-layer\" ><div class=\"row-bg viewport-desktop\"  style=\"\"><\/div><\/div><\/div><div class=\"row_col_wrap_12 col span_12 dark left\">\n\t<div style=\"\" class=\"vc_col-sm-12 wpb_column column_container vc_column_container col has-animation no-extra-padding inherit_tablet inherit_phone mobile-disable-entrance-animation\" data-using-bg=\"true\" data-bg-cover=\"true\" data-padding-pos=\"all\" data-has-bg-color=\"false\" data-bg-color=\"\" data-bg-opacity=\"1\" data-animation=\"fade-in-from-bottom\" data-delay=\"600\" >\n\t\t<div class=\"vc_column-inner\" ><div class=\"column-image-bg-wrap column-bg-layer viewport-desktop\" data-n-parallax-bg=\"true\" data-parallax-speed=\"very_subtle\" data-bg-pos=\"center bottom\" data-bg-animation=\"none\" data-bg-overlay=\"false\"><div class=\"inner-wrap\"><div class=\"column-image-bg parallax-layer\" style=\" background-image: url('https:\/\/szczesliwewnetrze.pl\/wp-content\/uploads\/2022\/03\/opinia.jpg'); \"><\/div><\/div><\/div>\n\t\t\t<div class=\"wpb_wrapper\">\n\t\t\t\t<div class=\"divider-wrap height_tablet_70vh height_phone_50vh\" data-alignment=\"default\"><div style=\"height: 100vh;\" class=\"divider\"><\/div><\/div>\n\t\t\t<\/div> \n\t\t<\/div>\n\t<\/div> \n<\/div><\/div>\n\t\t<div id=\"testimonials\"  data-column-margin=\"default\" data-midnight=\"dark\" data-top-percent=\"7%\" data-bottom-percent=\"7%\"  class=\"wpb_row vc_row-fluid vc_row\"  style=\"padding-top: calc(100vw * 0.07); padding-bottom: calc(100vw * 0.07); \"><div class=\"row-bg-wrap\" data-bg-animation=\"none\" data-bg-animation-delay=\"\" data-bg-overlay=\"false\"><div class=\"inner-wrap row-bg-layer\" ><div class=\"row-bg viewport-desktop\"  style=\"\"><\/div><\/div><\/div><div class=\"row_col_wrap_12 col span_12 dark left\">\n\t<div style=\"margin-top: 30px; margin-bottom: 30px; \" class=\"vc_col-sm-12 wpb_column column_container vc_column_container col no-extra-padding inherit_tablet inherit_phone\"  data-padding-pos=\"all\" data-has-bg-color=\"false\" data-bg-color=\"\" data-bg-opacity=\"1\" data-animation=\"\" data-delay=\"0\" >\n\t\t<div class=\"vc_column-inner\" >\n\t\t\t<div class=\"wpb_wrapper\">\n\t\t\t\t<div class=\"testimonial_slider span_12 col\" data-color=\"\" data-rating-color=\"accent-color\" data-controls=\"default\" data-add-border=\"\" data-autorotate=\"\" data-style=\"default\" ><div class=\"slides\"><blockquote> <div data-shadow=\"\" class=\"image-icon\" >&#8220;<\/div> <p>Cze\u015b\u0107! Ocen\u0119 mia\u0142am wam napisa\u0107 ju\u017c lata \u015bwietlne temu, ale szczerze m\u00f3wi\u0105c nie wiem jak \ud83d\ude42 bo z naszego punktu widzenia wszystko by\u0142o w punkt \ud83d\ude42<br \/>\nDzi\u0119kujemy za mi\u0142\u0105 wsp\u00f3\u0142prac\u0119 i dobr\u0105 atmosfer\u0119, plotki przy kawie i \u017cyciowe rozkminy. Doceniamy, \u017ce pracowali\u015bcie w naszym mieszkaniu tak, jakby\u015bcie wyko\u0144czali swoje i \u017ce nigdy nie powiedzieli\u015bcie, \u017ce czego\u015b nie mo\u017cecie zrobi\u0107 chocia\u017c wiemy, \u017ce niekt\u00f3re elementy woleliby\u015bcie odpu\u015bci\u0107 (sufit si\u0119 u\u015bmiecha \ud83d\ude42). Nie mog\u0119 nie wspomnie\u0107 o tym co najwa\u017cniejsze- \u017ce pomimo zwi\u0119kszenia zakresu prac i r\u00f3\u017cnych innych niesprzyjaj\u0105cych okoliczno\u015bci zrobili\u015bcie wszystko \u017ceby\u015bmy mogli si\u0119 wprowadzi\u0107 w zak\u0142adanym przez nas terminie.<br \/>\nJustyna pyta\u0142a co mo\u017cecie poprawi\u0107 ze swojej strony wi\u0119c dodam, \u017ce wykonawca mo\u017ce zacz\u0105\u0107 prowadzi\u0107 notatki z tego co pozosta\u0142o jeszcze do sko\u0144czenia \ud83d\ude09<br \/>\nReasumuj\u0105c jeste\u015bmy zadowoleni, \u017ce z wami mieli\u015bmy okazj\u0119 wsp\u00f3\u0142pracowa\u0107 o czym \u015bwiadczy fakt, \u017ce jeszcze pewnie nie raz wykonamy telefon \"do przyjaciela\" jak tylko zajdzie jaka\u015b potrzeba. No i kawa dla was zawsze si\u0119 te\u017c znajdzie <span role=\"none\" class=\"bottom-arrow\"><\/span><\/p><span class=\"testimonial-name\">Ewa<\/span><span class=\"title\">Dawna poczta - mieszkanie B5 wg projektu klientki<\/span><\/blockquote><\/div><\/div><div class=\"testimonial_slider span_12 col\" data-color=\"\" data-rating-color=\"accent-color\" data-controls=\"default\" data-add-border=\"\" data-autorotate=\"\" data-style=\"default\" ><div class=\"slides\"><blockquote> <div data-shadow=\"\" class=\"image-icon\" >&#8220;<\/div> <p>Ca\u0142o\u015bciowo jeste\u015bmy oczywi\u015bcie zadowoleni ze wsp\u00f3\u0142pracy z Wami. Uda\u0142o nam si\u0119 w terminie przeprowadzi\u0107 z jednego mieszkania do drugiego. By\u0142 to dla nas trudny okres, ale jako\u015b wszystko dali\u015bmy rad\u0119 podopina\u0107.<br \/>\nJustyna zawsze uwa\u017cnie s\u0142uchasz i szybko wy\u0142apujesz styl, upodobania i oczekiwania. Dodatkowo masz bardzo du\u017c\u0105 wiedz\u0119 i potrafisz przemyci\u0107 mn\u00f3stwo swoich rozwi\u0105za\u0144 i pomys\u0142\u00f3w. Ostatecznie my, jako klient, dostajemy nie tyle to o czym my\u015bleli\u015bmy, ale dok\u0142adnie to co chcieli\u015bmy. Bardzo si\u0119 cieszymy, \u017ce nam\u00f3wi\u0142a\u015b nas na wi\u0119ksz\u0105 kuchni\u0119, poniewa\u017c j\u0105 uwielbiamy! Pralka i suszarka w korytarzu to te\u017c strza\u0142 w dziesi\u0105tk\u0119.<br \/>\nKarol - energia ze szczypt\u0105 chaosu, co chyba dobrze sprawdza si\u0119 przy wyko\u0144czeni\u00f3wce, bo pozwala Ci bardziej elastycznie reagowa\u0107 na zmiany. Jeste\u015b bardzo zaanga\u017cowany i si\u0119 starasz i wida\u0107, \u017ce z ka\u017cd\u0105 realizacj\u0105 masz coraz wi\u0119ksze do\u015bwiadczenie. Odbierasz telefon nawet, gdy niekoniecznie dzieje si\u0119 dobrze i nie ma dobrych wiadomo\u015bci \ud83d\ude42 A to jest wbrew pozorom bardzo wa\u017cne dla klienta! <span role=\"none\" class=\"bottom-arrow\"><\/span><\/p><span class=\"testimonial-name\">\u0141ukasz i Irena<\/span><span class=\"title\">Letnica<\/span><\/blockquote><\/div><\/div>\n\t\t\t<\/div> \n\t\t<\/div>\n\t<\/div> \n<\/div><\/div>\n\t\t<div id=\"fws_69faf781cb57c\"  data-column-margin=\"default\" data-midnight=\"light\" data-bottom-percent=\"15%\"  class=\"wpb_row vc_row-fluid vc_row full-width-section\"  style=\"padding-top: 0px; padding-bottom: calc(100vw * 0.15); \"><div class=\"row-bg-wrap\" data-bg-animation=\"none\" data-bg-animation-delay=\"\" data-bg-overlay=\"true\"><div class=\"inner-wrap row-bg-layer using-image\" ><div class=\"row-bg viewport-desktop using-image\"  style=\"background-image: url(https:\/\/szczesliwewnetrze.pl\/wp-content\/uploads\/2022\/03\/kontakt-bottom.jpg); background-position: center center; background-repeat: no-repeat; \"><\/div><\/div><div class=\"row-bg-overlay row-bg-layer\" style=\"background: #000000; background: linear-gradient(90deg,#000000 0%,rgba(10,10,10,0.2) 100%);  opacity: 0.5; \"><\/div><\/div><div class=\"row_col_wrap_12 col span_12 light left\">\n\t<div  class=\"vc_col-sm-6 wpb_column column_container vc_column_container col padding-10-percent inherit_tablet inherit_phone\"  data-padding-pos=\"top\" data-has-bg-color=\"false\" data-bg-color=\"\" data-bg-opacity=\"1\" data-animation=\"\" data-delay=\"0\" >\n\t\t<div class=\"vc_column-inner\" >\n\t\t\t<div class=\"wpb_wrapper\">\n\t\t\t\t<div class=\"nectar-split-heading\" data-align=\"default\" data-m-align=\"inherit\" data-text-effect=\"default\" data-animation-type=\"line-reveal-by-space\" data-animation-delay=\"0\" data-animation-offset=\"\" data-m-rm-animation=\"\" data-stagger=\"\" data-custom-font-size=\"false\" ><h1 >Look no further<\/h1><\/div><div id=\"fws_69faf781cbaf6\" data-midnight=\"\" data-column-margin=\"default\" class=\"wpb_row vc_row-fluid vc_row inner_row\"  style=\"\"><div class=\"row-bg-wrap\"> <div class=\"row-bg\" ><\/div> <\/div><div class=\"row_col_wrap_12_inner col span_12  left\">\n\t<div  class=\"vc_col-sm-12 wpb_column column_container vc_column_container col child_column has-animation no-extra-padding inherit_tablet inherit_phone\"   data-padding-pos=\"all\" data-has-bg-color=\"false\" data-bg-color=\"\" data-bg-opacity=\"1\" data-animation=\"fade-in-from-bottom\" data-delay=\"300\" >\n\t\t<div class=\"vc_column-inner\" >\n\t\t<div class=\"wpb_wrapper\">\n\t\t\t<p style=\"font-size: 20px;color: rgba(255,255,255,0.7);line-height: 22px;text-align: left\" class=\"vc_custom_heading vc_do_custom_heading\" ><a href=\"https:\/\/szczesliwewnetrze.pl\/en\/oferta\/\" title=\"Offer\">Read the details of the offer.<br \/>\nReady to make changes in your apartment?<\/a><\/p>\n\t\t<\/div> \n\t<\/div>\n\t<\/div> \n<\/div><\/div><div id=\"fws_69faf781cc317\" data-midnight=\"\" data-column-margin=\"default\" class=\"wpb_row vc_row-fluid vc_row inner_row\"  style=\"padding-top: 30px; \"><div class=\"row-bg-wrap\"> <div class=\"row-bg\" ><\/div> <\/div><div class=\"row_col_wrap_12_inner col span_12  left\">\n\t<div  class=\"vc_col-sm-12 wpb_column column_container vc_column_container col child_column has-animation no-extra-padding inherit_tablet inherit_phone\"   data-padding-pos=\"all\" data-has-bg-color=\"false\" data-bg-color=\"\" data-bg-opacity=\"1\" data-animation=\"fade-in-from-bottom\" data-delay=\"500\" >\n\t\t<div class=\"vc_column-inner\" >\n\t\t<div class=\"wpb_wrapper\">\n\t\t\t<a class=\"nectar-button jumbo see-through m-extra-color-gradient-1 wpb_animate_when_almost_visible wpb_bounceIn bounceIn\"  role=\"button\" style=\"border-color: #000000; color: #000000;\"  href=\"\/en\/kontakt\/\" data-color-override=\"#000000\" data-hover-color-override=\"false\" data-hover-text-color-override=\"#fff\"><span>Contact<\/span><\/a>\n\t\t<\/div> \n\t<\/div>\n\t<\/div> \n<\/div><\/div>\n\t\t\t<\/div> \n\t\t<\/div>\n\t<\/div> \n\n\t<div  class=\"vc_col-sm-6 wpb_column column_container vc_column_container col no-extra-padding inherit_tablet inherit_phone\"  data-padding-pos=\"all\" data-has-bg-color=\"false\" data-bg-color=\"\" data-bg-opacity=\"1\" data-animation=\"\" data-delay=\"0\" >\n\t\t<div class=\"vc_column-inner\" >\n\t\t\t<div class=\"wpb_wrapper\">\n\t\t\t\t\n\t\t\t<\/div> \n\t\t<\/div>\n\t<\/div> \n<\/div><\/div>","protected":false},"excerpt":{"rendered":"Referencje &#8220; Cze\u015b\u0107! Ocen\u0119 mia\u0142am wam napisa\u0107 ju\u017c lata \u015bwietlne temu, ale szczerze m\u00f3wi\u0105c nie wiem jak \ud83d\ude42 bo z naszego punktu widzenia wszystko by\u0142o w punkt \ud83d\ude42 Dzi\u0119kujemy za...","protected":false},"author":1,"featured_media":0,"parent":0,"menu_order":0,"comment_status":"closed","ping_status":"closed","template":"","meta":{"footnotes":""},"class_list":["post-323","page","type-page","status-publish"],"yoast_head":"<!-- This site is optimized with the Yoast SEO plugin v26.6 - https:\/\/yoast.com\/wordpress\/plugins\/seo\/ -->\n<title>Referencje - SZCZ\u0118\u015aLIWE WN\u0118TRZE<\/title>\n<meta name=\"robots\" content=\"index, follow, max-snippet:-1, max-image-preview:large, max-video-preview:-1\" \/>\n<link rel=\"canonical\" href=\"https:\/\/szczesliwewnetrze.pl\/en\/referencje\/\" \/>\n<meta property=\"og:locale\" content=\"en_US\" \/>\n<meta property=\"og:type\" content=\"article\" \/>\n<meta property=\"og:title\" content=\"Referencje - SZCZ\u0118\u015aLIWE WN\u0118TRZE\" \/>\n<meta property=\"og:url\" content=\"https:\/\/szczesliwewnetrze.pl\/en\/referencje\/\" \/>\n<meta property=\"og:site_name\" content=\"SZCZ\u0118\u015aLIWE WN\u0118TRZE\" \/>\n<meta property=\"article:modified_time\" content=\"2022-04-16T09:04:48+00:00\" \/>\n<meta name=\"twitter:card\" content=\"summary_large_image\" \/>\n<meta name=\"twitter:label1\" content=\"Est. reading time\" \/>\n\t<meta name=\"twitter:data1\" content=\"9 minutes\" \/>\n<script type=\"application\/ld+json\" class=\"yoast-schema-graph\">{\"@context\":\"https:\/\/schema.org\",\"@graph\":[{\"@type\":\"WebPage\",\"@id\":\"https:\/\/szczesliwewnetrze.pl\/referencje\/\",\"url\":\"https:\/\/szczesliwewnetrze.pl\/referencje\/\",\"name\":\"Referencje - SZCZ\u0118\u015aLIWE WN\u0118TRZE\",\"isPartOf\":{\"@id\":\"https:\/\/szczesliwewnetrze.pl\/#website\"},\"datePublished\":\"2022-03-07T08:58:02+00:00\",\"dateModified\":\"2022-04-16T09:04:48+00:00\",\"breadcrumb\":{\"@id\":\"https:\/\/szczesliwewnetrze.pl\/referencje\/#breadcrumb\"},\"inLanguage\":\"en-US\",\"potentialAction\":[{\"@type\":\"ReadAction\",\"target\":[\"https:\/\/szczesliwewnetrze.pl\/referencje\/\"]}]},{\"@type\":\"BreadcrumbList\",\"@id\":\"https:\/\/szczesliwewnetrze.pl\/referencje\/#breadcrumb\",\"itemListElement\":[{\"@type\":\"ListItem\",\"position\":1,\"name\":\"Strona g\u0142\u00f3wna\",\"item\":\"https:\/\/szczesliwewnetrze.pl\/\"},{\"@type\":\"ListItem\",\"position\":2,\"name\":\"Referencje\"}]},{\"@type\":\"WebSite\",\"@id\":\"https:\/\/szczesliwewnetrze.pl\/#website\",\"url\":\"https:\/\/szczesliwewnetrze.pl\/\",\"name\":\"SZCZ\u0118\u015aLIWE WN\u0118TRZE\",\"description\":\"Projekty, budowa wn\u0119trza, wystr\u00f3j.\",\"potentialAction\":[{\"@type\":\"SearchAction\",\"target\":{\"@type\":\"EntryPoint\",\"urlTemplate\":\"https:\/\/szczesliwewnetrze.pl\/?s={search_term_string}\"},\"query-input\":{\"@type\":\"PropertyValueSpecification\",\"valueRequired\":true,\"valueName\":\"search_term_string\"}}],\"inLanguage\":\"en-US\"}]}<\/script>\n<!-- \/ Yoast SEO plugin. -->","yoast_head_json":{"title":"Referencje - SZCZ\u0118\u015aLIWE WN\u0118TRZE","robots":{"index":"index","follow":"follow","max-snippet":"max-snippet:-1","max-image-preview":"max-image-preview:large","max-video-preview":"max-video-preview:-1"},"canonical":"https:\/\/szczesliwewnetrze.pl\/en\/referencje\/","og_locale":"en_US","og_type":"article","og_title":"Referencje - SZCZ\u0118\u015aLIWE WN\u0118TRZE","og_url":"https:\/\/szczesliwewnetrze.pl\/en\/referencje\/","og_site_name":"SZCZ\u0118\u015aLIWE WN\u0118TRZE","article_modified_time":"2022-04-16T09:04:48+00:00","twitter_card":"summary_large_image","twitter_misc":{"Est. reading time":"9 minutes"},"schema":{"@context":"https:\/\/schema.org","@graph":[{"@type":"WebPage","@id":"https:\/\/szczesliwewnetrze.pl\/referencje\/","url":"https:\/\/szczesliwewnetrze.pl\/referencje\/","name":"Referencje - SZCZ\u0118\u015aLIWE WN\u0118TRZE","isPartOf":{"@id":"https:\/\/szczesliwewnetrze.pl\/#website"},"datePublished":"2022-03-07T08:58:02+00:00","dateModified":"2022-04-16T09:04:48+00:00","breadcrumb":{"@id":"https:\/\/szczesliwewnetrze.pl\/referencje\/#breadcrumb"},"inLanguage":"en-US","potentialAction":[{"@type":"ReadAction","target":["https:\/\/szczesliwewnetrze.pl\/referencje\/"]}]},{"@type":"BreadcrumbList","@id":"https:\/\/szczesliwewnetrze.pl\/referencje\/#breadcrumb","itemListElement":[{"@type":"ListItem","position":1,"name":"Strona g\u0142\u00f3wna","item":"https:\/\/szczesliwewnetrze.pl\/"},{"@type":"ListItem","position":2,"name":"Referencje"}]},{"@type":"WebSite","@id":"https:\/\/szczesliwewnetrze.pl\/#website","url":"https:\/\/szczesliwewnetrze.pl\/","name":"HAPPY INTERIOR","description":"Projekty, budowa wn\u0119trza, wystr\u00f3j.","potentialAction":[{"@type":"SearchAction","target":{"@type":"EntryPoint","urlTemplate":"https:\/\/szczesliwewnetrze.pl\/?s={search_term_string}"},"query-input":{"@type":"PropertyValueSpecification","valueRequired":true,"valueName":"search_term_string"}}],"inLanguage":"en-US"}]}},"_links":{"self":[{"href":"https:\/\/szczesliwewnetrze.pl\/en\/wp-json\/wp\/v2\/pages\/323","targetHints":{"allow":["GET"]}}],"collection":[{"href":"https:\/\/szczesliwewnetrze.pl\/en\/wp-json\/wp\/v2\/pages"}],"about":[{"href":"https:\/\/szczesliwewnetrze.pl\/en\/wp-json\/wp\/v2\/types\/page"}],"author":[{"embeddable":true,"href":"https:\/\/szczesliwewnetrze.pl\/en\/wp-json\/wp\/v2\/users\/1"}],"replies":[{"embeddable":true,"href":"https:\/\/szczesliwewnetrze.pl\/en\/wp-json\/wp\/v2\/comments?post=323"}],"version-history":[{"count":19,"href":"https:\/\/szczesliwewnetrze.pl\/en\/wp-json\/wp\/v2\/pages\/323\/revisions"}],"predecessor-version":[{"id":1197,"href":"https:\/\/szczesliwewnetrze.pl\/en\/wp-json\/wp\/v2\/pages\/323\/revisions\/1197"}],"wp:attachment":[{"href":"https:\/\/szczesliwewnetrze.pl\/en\/wp-json\/wp\/v2\/media?parent=323"}],"curies":[{"name":"wp","href":"https:\/\/api.w.org\/{rel}","templated":true}]}}