{"id":314,"date":"2022-03-07T07:50:37","date_gmt":"2022-03-07T07:50:37","guid":{"rendered":"https:\/\/szczesliwewnetrze.pl\/?page_id=314"},"modified":"2025-02-14T13:02:41","modified_gmt":"2025-02-14T13:02:41","slug":"o-nas","status":"publish","type":"page","link":"https:\/\/szczesliwewnetrze.pl\/en\/o-nas\/","title":{"rendered":"About us"},"content":{"rendered":"<div id=\"fws_69faf782e74a1\"  data-column-margin=\"default\" data-midnight=\"dark\" data-top-percent=\"5%\" data-bottom-percent=\"5%\"  class=\"wpb_row vc_row-fluid vc_row full-width-content vc_row-o-equal-height vc_row-flex vc_row-o-content-middle  zindex-set right_padding_6pct left_padding_6pct top_padding_tablet_20pct top_padding_phone_25pct\"  style=\"padding-top: calc(100vw * 0.05); padding-bottom: calc(100vw * 0.05);  z-index: 100;\"><div class=\"row-bg-wrap\" data-bg-animation=\"fade-in\" data-bg-animation-delay=\"\" data-bg-overlay=\"false\"><div class=\"inner-wrap row-bg-layer\" ><div class=\"row-bg viewport-desktop\"  style=\"\"><\/div><\/div><div class=\"row-bg-overlay row-bg-layer\" style=\"background:linear-gradient(21deg, rgb(245,130,32) 18%, rgb(250, 167, 74) 47%, rgb(254,208,158) 75%, rgb(252, 211, 193) 100%);\"><\/div><\/div><div class=\"row_col_wrap_12 col span_12 dark left\">\n\t<div  class=\"vc_col-sm-12 wpb_column column_container vc_column_container col no-extra-padding inherit_tablet inherit_phone\"  data-padding-pos=\"all\" data-has-bg-color=\"false\" data-bg-color=\"\" data-bg-opacity=\"1\" data-animation=\"\" data-delay=\"0\" >\n\t\t<div class=\"vc_column-inner\" >\n\t\t\t<div class=\"wpb_wrapper\">\n\t\t\t\t<div id=\"fws_69faf782e7bca\" data-midnight=\"\" data-column-margin=\"default\" class=\"wpb_row vc_row-fluid vc_row inner_row vc_row-o-equal-height vc_row-flex vc_row-o-content-middle\"  style=\"\"><div class=\"row-bg-wrap\"> <div class=\"row-bg\" ><\/div> <\/div><div class=\"row_col_wrap_12_inner col span_12  left\">\n\t<div  class=\"vc_col-sm-4\/5 vc_col-md-9 wpb_column column_container vc_column_container col child_column padding-5-percent bottom_margin_tablet_20px inherit_tablet inherit_phone\"    data-t-w-inherits=\"small_desktop\" data-padding-pos=\"left\" data-has-bg-color=\"false\" data-bg-color=\"\" data-bg-opacity=\"1\" data-animation=\"\" data-delay=\"0\" >\n\t\t<div class=\"vc_column-inner\" >\n\t\t<div class=\"wpb_wrapper\">\n\t\t\t<div class=\"nectar-split-heading  font_size_9vw font_size_tablet_9vw font_size_phone_10vw\" data-align=\"default\" data-m-align=\"inherit\" data-text-effect=\"letter-reveal-bottom\" data-animation-type=\"line-reveal-by-space\" data-animation-delay=\"0\" data-animation-offset=\"\" data-m-rm-animation=\"true\" data-stagger=\"true\" data-custom-font-size=\"true\" style=\"font-size: 9vw; line-height: 9.9vw;\"><h1 >About us<\/h1><\/div>\n\t\t<\/div> \n\t<\/div>\n\t<\/div> \n\n\t<div  class=\"vc_col-sm-1\/5 vc_col-md-3 wpb_column column_container vc_column_container col child_column has-animation no-extra-padding el_spacing_10px inherit_tablet inherit_phone mobile-disable-entrance-animation\"    data-t-w-inherits=\"small_desktop\" data-padding-pos=\"all\" data-has-bg-color=\"false\" data-bg-color=\"\" data-bg-opacity=\"1\" data-animation=\"fade-in-from-bottom\" data-delay=\"500\" >\n\t\t<div class=\"vc_column-inner\" >\n\t\t<div class=\"wpb_wrapper\">\n\t\t\t<div class=\"nectar-cta  alignment_tablet_default alignment_phone_default display_tablet_inherit display_phone_inline-block\" data-color=\"default\" data-using-bg=\"false\" data-display=\"block\" data-style=\"underline\" data-alignment=\"left\" data-text-color=\"custom\" style=\"margin-right: 25px;  --nectar-text-color: #0a0a0a; --nectar-button-color: var(--nectar-default); --nectar-icon-gap: 10px; \"><h4 style=\"color: #0a0a0a;\"> <span class=\"link_wrap\" ><a  class=\"link_text\" style=\"border-color: #0a0a0a;\" role=\"button\" href=\"#nasz-team\">Get to know us<\/a><\/span><\/h4><\/div>\n\t\t<\/div> \n\t<\/div>\n\t<\/div> \n<\/div><\/div>\n\t\t\t<\/div> \n\t\t<\/div>\n\t<\/div> \n<\/div><\/div>\n\t\t<div id=\"fws_69faf782e8908\"  data-column-margin=\"default\" data-midnight=\"dark\"  class=\"wpb_row vc_row-fluid vc_row full-width-content vc_row-o-equal-height vc_row-flex vc_row-o-content-top  right_padding_0px left_padding_0px\"  style=\"padding-top: 0px; padding-bottom: 0px; \"><div class=\"row-bg-wrap\" data-bg-animation=\"none\" data-bg-animation-delay=\"\" data-bg-overlay=\"false\"><div class=\"inner-wrap row-bg-layer\" ><div class=\"row-bg viewport-desktop\"  style=\"\"><\/div><\/div><\/div><div class=\"row_col_wrap_12 col span_12 dark left\">\n\t<div style=\"\" class=\"vc_col-sm-12 wpb_column column_container vc_column_container col has-animation no-extra-padding inherit_tablet inherit_phone mobile-disable-entrance-animation\" data-using-bg=\"true\" data-padding-pos=\"all\" data-has-bg-color=\"false\" data-bg-color=\"\" data-bg-opacity=\"1\" data-animation=\"fade-in-from-bottom\" data-delay=\"600\" >\n\t\t<div class=\"vc_column-inner\" ><div class=\"column-image-bg-wrap column-bg-layer viewport-desktop\" data-n-parallax-bg=\"true\" data-parallax-speed=\"very_subtle\" data-bg-pos=\"center bottom\" data-bg-animation=\"none\" data-bg-overlay=\"false\"><div class=\"inner-wrap\"><div class=\"column-image-bg parallax-layer\" style=\" background-image: url('https:\/\/szczesliwewnetrze.pl\/wp-content\/uploads\/2022\/03\/bio.jpg'); \"><\/div><\/div><\/div>\n\t\t\t<div class=\"wpb_wrapper\">\n\t\t\t\t<div class=\"divider-wrap height_tablet_70vh height_phone_50vh\" data-alignment=\"default\"><div style=\"height: 100vh;\" class=\"divider\"><\/div><\/div>\n\t\t\t<\/div> \n\t\t<\/div>\n\t<\/div> \n<\/div><\/div>\n\t\t<div id=\"nasz-team\"  data-column-margin=\"default\" data-midnight=\"dark\" data-top-percent=\"7%\" data-bottom-percent=\"7%\"  class=\"wpb_row vc_row-fluid vc_row full-width-section vc_row-o-equal-height vc_row-flex vc_row-o-content-middle\"  style=\"padding-top: calc(100vw * 0.07); padding-bottom: calc(100vw * 0.07); \"><div class=\"row-bg-wrap\" data-bg-animation=\"none\" data-bg-animation-delay=\"\" data-bg-overlay=\"false\"><div class=\"inner-wrap row-bg-layer\" ><div class=\"row-bg viewport-desktop\"  style=\"\"><\/div><\/div><\/div><div class=\"row_col_wrap_12 col span_12 dark left\">\n\t<div  class=\"vc_col-sm-6 wpb_column column_container vc_column_container col padding-3-percent inherit_tablet inherit_phone\"  data-padding-pos=\"all\" data-has-bg-color=\"false\" data-bg-color=\"\" data-bg-opacity=\"1\" data-animation=\"\" data-delay=\"0\" >\n\t\t<div class=\"vc_column-inner\" >\n\t\t\t<div class=\"wpb_wrapper\">\n\t\t\t\t<div class=\"nectar_cascading_images\" data-border-radius=\"none\" data-parallax=\"\" data-parallax-intensity=\"subtle\" data-animation-timing=\"175\"><div class=\"cascading-image\" data-has-img=\"true\" style=\" padding:25%;\" data-max-width=\"100%\" data-max-width-mobile=\"100%\" data-animation=\"grow-in\" data-shadow=\"none\"><div class=\"inner-wrap\"><div class=\"bg-layer\" data-scale=\"1\" style=\"transform: scale(1)\"><div style=\" -webkit-transform:translateX(0%) translateY(-35%) ; transform:translateX(0%) translateY(-35%) ;\" class=\"img-wrap\"> <img loading=\"lazy\" decoding=\"async\" src=\"https:\/\/szczesliwewnetrze.pl\/wp-content\/uploads\/2022\/03\/lampa.jpg\" srcset=\"https:\/\/szczesliwewnetrze.pl\/wp-content\/uploads\/2022\/03\/lampa.jpg 450w, https:\/\/szczesliwewnetrze.pl\/wp-content\/uploads\/2022\/03\/lampa-169x300.jpg 169w\" sizes=\"auto, (min-width: 1000px) 45vw, 100vw\" height=\"800\" width=\"450\" class=\"skip-lazy\" alt=\"lampa\" \/> <\/div><\/div><\/div><\/div><div class=\"cascading-image\" data-has-img=\"true\" style=\" padding:25%;\" data-max-width=\"100%\" data-max-width-mobile=\"100%\" data-animation=\"grow-in\" data-shadow=\"none\"><div class=\"inner-wrap\"><div class=\"bg-layer\" data-scale=\"1\" style=\"transform: scale(1)\"><div style=\" -webkit-transform:translateX(50%) translateY(35%) ; transform:translateX(50%) translateY(35%) ;\" class=\"img-wrap\"> <img loading=\"lazy\" decoding=\"async\" src=\"https:\/\/szczesliwewnetrze.pl\/wp-content\/uploads\/2022\/03\/karol.jpg\" srcset=\"https:\/\/szczesliwewnetrze.pl\/wp-content\/uploads\/2022\/03\/karol.jpg 450w, https:\/\/szczesliwewnetrze.pl\/wp-content\/uploads\/2022\/03\/karol-169x300.jpg 169w\" sizes=\"auto, (min-width: 1000px) 45vw, 100vw\" height=\"800\" width=\"450\" class=\"skip-lazy\" alt=\"Karol\" \/> <\/div><\/div><\/div><\/div><div class=\"cascading-image\" data-has-img=\"true\" style=\" padding:25%;\" data-max-width=\"100%\" data-max-width-mobile=\"100%\" data-animation=\"grow-in\" data-shadow=\"x_large_depth\"><div class=\"inner-wrap\"><div class=\"bg-layer\" data-scale=\"1\" style=\"transform: scale(1)\"><div style=\" -webkit-transform:translateX(-35%) translateY(30%) ; transform:translateX(-35%) translateY(30%) ;\" class=\"img-wrap\"> <img loading=\"lazy\" decoding=\"async\" src=\"https:\/\/szczesliwewnetrze.pl\/wp-content\/uploads\/2022\/03\/justyna.jpg\" srcset=\"https:\/\/szczesliwewnetrze.pl\/wp-content\/uploads\/2022\/03\/justyna.jpg 450w, https:\/\/szczesliwewnetrze.pl\/wp-content\/uploads\/2022\/03\/justyna-169x300.jpg 169w\" sizes=\"auto, (min-width: 1000px) 45vw, 100vw\" height=\"800\" width=\"450\" class=\"skip-lazy\" alt=\"Justyna\" \/> <\/div><\/div><\/div><\/div><\/div>\n\t\t\t<\/div> \n\t\t<\/div>\n\t<\/div> \n\n\t<div  class=\"vc_col-sm-6 wpb_column column_container vc_column_container col padding-6-percent inherit_tablet inherit_phone\"  data-padding-pos=\"left\" data-has-bg-color=\"false\" data-bg-color=\"\" data-bg-opacity=\"1\" data-animation=\"\" data-delay=\"0\" >\n\t\t<div class=\"vc_column-inner\" >\n\t\t\t<div class=\"wpb_wrapper\">\n\t\t\t\t\n<div class=\"wpb_text_column wpb_content_element  vc_custom_1647436897508\" >\n\t<h5><span style=\"color: #999999;\">From the beginning<\/span><\/h5>\n<h2>Passion and experience turned into a HAPPY INTERIOR<\/h2>\n<\/div>\n\n\n\n\n<div class=\"wpb_text_column wpb_content_element\" >\n\t<p style=\"text-align: justify;\">We started by working in a corporation. I in the interior design department, my husband in the investment department.<\/p>\n<p style=\"text-align: justify;\">Many years of experience in the domestic and foreign markets have taught us to schedule work, pricing, technical acceptance, keeping an eye on high standards of finish.<\/p>\n<p style=\"text-align: justify;\">The skills of negotiating, talking to people, finding common solutions and compromises are equally important skills we have possessed.<\/p>\n<p style=\"text-align: justify;\">The first to leave work was my husband to a general contractor where he worked for a year from behind the scenes with materials wholesale projects.<\/p>\n<p style=\"text-align: justify;\">We decided together to set up the business originally it was set up in my husband's name then we decided to get funding and the company was set up in my name raising funds for the necessary equipment design programs and a few things we lacked to be completely happy. It is now the third year since the company was founded.<\/p>\n<p style=\"text-align: justify;\">The company operates under the name happy interior which fully reflects what kind of character at the end we want to achieve together with our clients.<\/p>\n<p style=\"text-align: justify;\">We work with carpenters, tile suppliers, sanitation companies, as well as a range of specialists from vinyl installation to electricians to plumbing.<\/p>\n<p style=\"text-align: justify;\">Our experience allows us to carry out turnkey orders simultaneously for up to five apartments at the same time.<\/p>\n<p style=\"text-align: justify;\">We would like to invite you to contact us and wish you only successful renovations<\/p>\n<\/div>\n\n\n\n<a class=\"nectar-button jumbo see-through m-extra-color-gradient-1 wpb_animate_when_almost_visible wpb_bounceIn bounceIn\"  role=\"button\" style=\"border-color: #000000; color: #000000;\"  href=\"\/en\/realizacje\/\" data-color-override=\"#000000\" data-hover-color-override=\"false\" data-hover-text-color-override=\"#fff\"><span>See our realisations<\/span><\/a>\n\t\t\t<\/div> \n\t\t<\/div>\n\t<\/div> \n<\/div><\/div>\n\t\t<div id=\"fws_69faf782ea682\"  data-column-margin=\"default\" data-midnight=\"light\" data-top-percent=\"5%\" data-bottom-percent=\"5%\"  class=\"wpb_row vc_row-fluid vc_row full-width-section\"  style=\"padding-top: calc(100vw * 0.05); padding-bottom: calc(100vw * 0.05); \"><div class=\"row-bg-wrap\" data-bg-animation=\"none\" data-bg-animation-delay=\"\" data-bg-overlay=\"false\"><div class=\"inner-wrap row-bg-layer\" ><div class=\"row-bg viewport-desktop\"  style=\"\"><\/div><\/div><\/div><div class=\"row_col_wrap_12 col span_12 light left\">\n\t<div  class=\"vc_col-sm-1 wpb_column column_container vc_column_container col no-extra-padding inherit_tablet inherit_phone\"  data-padding-pos=\"all\" data-has-bg-color=\"false\" data-bg-color=\"\" data-bg-opacity=\"1\" data-animation=\"\" data-delay=\"0\" >\n\t\t<div class=\"vc_column-inner\" >\n\t\t\t<div class=\"wpb_wrapper\">\n\t\t\t\t\n\t\t\t<\/div> \n\t\t<\/div>\n\t<\/div> \n\n\t<div  class=\"vc_col-sm-10 wpb_column column_container vc_column_container col centered-text no-extra-padding inherit_tablet inherit_phone\"  data-padding-pos=\"all\" data-has-bg-color=\"false\" data-bg-color=\"\" data-bg-opacity=\"1\" data-animation=\"\" data-delay=\"0\" >\n\t\t<div class=\"vc_column-inner\" >\n\t\t\t<div class=\"wpb_wrapper\">\n\t\t\t\t<div class=\"nectar-gradient-text\" data-direction=\"horizontal\" data-color=\"extra-color-gradient-1\" style=\"\"><h1>Our achievements over the time of operation<\/h1><\/div><div id=\"fws_69faf782eaea0\" data-midnight=\"\" data-column-margin=\"default\" class=\"wpb_row vc_row-fluid vc_row inner_row  right_padding_7px\"  style=\"\"><div class=\"row-bg-wrap\"> <div class=\"row-bg\" ><\/div> <\/div><div class=\"row_col_wrap_12_inner col span_12  left\">\n\t<div  class=\"vc_col-sm-4 wpb_column column_container vc_column_container col child_column centered-text padding-4-percent inherit_tablet no-extra-padding_phone\"   data-padding-pos=\"all\" data-has-bg-color=\"false\" data-bg-color=\"\" data-bg-opacity=\"1\" data-animation=\"\" data-delay=\"0\" >\n\t\t<div class=\"vc_column-inner\" >\n\t\t<div class=\"wpb_wrapper\">\n\t\t\t<div class=\"milestone-wrap\"><div class=\"nectar-milestone motion_blur\" data-symbol=\"+\" data-effect=\"motion_blur\" data-symbol-alignment=\"superscript\" data-symbol-pos=\"before\" data-symbol-size=\"50\" data-single-decimal-place=\"\" data-animation-delay=\"\" data-ms-align=\"default\" > <div class=\"number extra-color-3\" data-number-size=\"92\"><div class=\"symbol-wrap\" style=\"font-size: 50px;\"><span class=\"symbol\">+<\/span><\/div><h2>30<\/h2><\/div> <div class=\"subject\" style=\"padding: 2%;\">Completed projects<\/div> <\/div><\/div>\n\t\t<\/div> \n\t<\/div>\n\t<\/div> \n\n\t<div  class=\"vc_col-sm-4 wpb_column column_container vc_column_container col child_column centered-text padding-4-percent inherit_tablet no-extra-padding_phone\"   data-padding-pos=\"all\" data-has-bg-color=\"false\" data-bg-color=\"\" data-bg-opacity=\"1\" data-animation=\"\" data-delay=\"0\" >\n\t\t<div class=\"vc_column-inner\" >\n\t\t<div class=\"wpb_wrapper\">\n\t\t\t<div class=\"milestone-wrap\"><div class=\"nectar-milestone motion_blur\" data-symbol=\"rok\" data-effect=\"motion_blur\" data-symbol-alignment=\"superscript\" data-symbol-pos=\"after\" data-symbol-size=\"50\" data-single-decimal-place=\"\" data-animation-delay=\"\" data-ms-align=\"default\" > <div class=\"number extra-color-3\" data-number-size=\"92\"><h2>2019<\/h2><div class=\"symbol-wrap\" style=\"font-size: 50px;\"><span class=\"symbol\">year<\/span><\/div><\/div> <div class=\"subject\" style=\"padding: 2%;\">We've launched<\/div> <\/div><\/div>\n\t\t<\/div> \n\t<\/div>\n\t<\/div> \n\n\t<div  class=\"vc_col-sm-4 wpb_column column_container vc_column_container col child_column centered-text padding-4-percent inherit_tablet no-extra-padding_phone\"   data-padding-pos=\"all\" data-has-bg-color=\"false\" data-bg-color=\"\" data-bg-opacity=\"1\" data-animation=\"\" data-delay=\"0\" >\n\t\t<div class=\"vc_column-inner\" >\n\t\t<div class=\"wpb_wrapper\">\n\t\t\t<div class=\"milestone-wrap\"><div class=\"nectar-milestone motion_blur\" data-symbol=\"+\" data-effect=\"motion_blur\" data-symbol-alignment=\"superscript\" data-symbol-pos=\"before\" data-symbol-size=\"50\" data-single-decimal-place=\"\" data-animation-delay=\"\" data-ms-align=\"default\" > <div class=\"number extra-color-3\" data-number-size=\"92\"><div class=\"symbol-wrap\" style=\"font-size: 50px;\"><span class=\"symbol\">+<\/span><\/div><h2>10<\/h2><\/div> <div class=\"subject\" style=\"padding: 2%;\">Trusted partners<\/div> <\/div><\/div>\n\t\t<\/div> \n\t<\/div>\n\t<\/div> \n<\/div><\/div>\n\t\t\t<\/div> \n\t\t<\/div>\n\t<\/div> \n\n\t<div  class=\"vc_col-sm-1 wpb_column column_container vc_column_container col no-extra-padding inherit_tablet inherit_phone\"  data-padding-pos=\"all\" data-has-bg-color=\"false\" data-bg-color=\"\" data-bg-opacity=\"1\" data-animation=\"\" data-delay=\"0\" >\n\t\t<div class=\"vc_column-inner\" >\n\t\t\t<div class=\"wpb_wrapper\">\n\t\t\t\t\n\t\t\t<\/div> \n\t\t<\/div>\n\t<\/div> \n<\/div><\/div>\n\t\t<div id=\"fws_69faf782ebee8\"  data-column-margin=\"default\" data-midnight=\"light\" data-bottom-percent=\"15%\"  class=\"wpb_row vc_row-fluid vc_row full-width-section\"  style=\"padding-top: 0px; padding-bottom: calc(100vw * 0.15); \"><div class=\"row-bg-wrap\" data-bg-animation=\"none\" data-bg-animation-delay=\"\" data-bg-overlay=\"true\"><div class=\"inner-wrap row-bg-layer using-image\" ><div class=\"row-bg viewport-desktop using-image\"  style=\"background-image: url(https:\/\/szczesliwewnetrze.pl\/wp-content\/uploads\/2022\/03\/kontakt-bottom.jpg); background-position: center center; background-repeat: no-repeat; \"><\/div><\/div><div class=\"row-bg-overlay row-bg-layer\" style=\"background: #000000; background: linear-gradient(90deg,#000000 0%,rgba(10,10,10,0.2) 100%);  opacity: 0.5; \"><\/div><\/div><div class=\"row_col_wrap_12 col span_12 light left\">\n\t<div  class=\"vc_col-sm-6 wpb_column column_container vc_column_container col padding-10-percent inherit_tablet inherit_phone\"  data-padding-pos=\"top\" data-has-bg-color=\"false\" data-bg-color=\"\" data-bg-opacity=\"1\" data-animation=\"\" data-delay=\"0\" >\n\t\t<div class=\"vc_column-inner\" >\n\t\t\t<div class=\"wpb_wrapper\">\n\t\t\t\t<div class=\"nectar-split-heading\" data-align=\"default\" data-m-align=\"inherit\" data-text-effect=\"default\" data-animation-type=\"line-reveal-by-space\" data-animation-delay=\"0\" data-animation-offset=\"\" data-m-rm-animation=\"\" data-stagger=\"\" data-custom-font-size=\"false\" ><h1 >Look no further<\/h1><\/div><div id=\"fws_69faf782ec3f3\" data-midnight=\"\" data-column-margin=\"default\" class=\"wpb_row vc_row-fluid vc_row inner_row\"  style=\"\"><div class=\"row-bg-wrap\"> <div class=\"row-bg\" ><\/div> <\/div><div class=\"row_col_wrap_12_inner col span_12  left\">\n\t<div  class=\"vc_col-sm-12 wpb_column column_container vc_column_container col child_column has-animation no-extra-padding inherit_tablet inherit_phone\"   data-padding-pos=\"all\" data-has-bg-color=\"false\" data-bg-color=\"\" data-bg-opacity=\"1\" data-animation=\"fade-in-from-bottom\" data-delay=\"300\" >\n\t\t<div class=\"vc_column-inner\" >\n\t\t<div class=\"wpb_wrapper\">\n\t\t\t<p style=\"font-size: 20px;color: rgba(255,255,255,0.7);line-height: 22px;text-align: left\" class=\"vc_custom_heading vc_do_custom_heading\" ><a href=\"https:\/\/szczesliwewnetrze.pl\/en\/oferta\/\" title=\"Offer\">Read the details of the offer.<br \/>\nReady to make changes in your apartment?<\/a><\/p>\n\t\t<\/div> \n\t<\/div>\n\t<\/div> \n<\/div><\/div><div id=\"fws_69faf782ecaa1\" data-midnight=\"\" data-column-margin=\"default\" class=\"wpb_row vc_row-fluid vc_row inner_row\"  style=\"padding-top: 30px; \"><div class=\"row-bg-wrap\"> <div class=\"row-bg\" ><\/div> <\/div><div class=\"row_col_wrap_12_inner col span_12  left\">\n\t<div  class=\"vc_col-sm-12 wpb_column column_container vc_column_container col child_column has-animation no-extra-padding inherit_tablet inherit_phone\"   data-padding-pos=\"all\" data-has-bg-color=\"false\" data-bg-color=\"\" data-bg-opacity=\"1\" data-animation=\"fade-in-from-bottom\" data-delay=\"500\" >\n\t\t<div class=\"vc_column-inner\" >\n\t\t<div class=\"wpb_wrapper\">\n\t\t\t<a class=\"nectar-button jumbo see-through m-extra-color-gradient-1 wpb_animate_when_almost_visible wpb_bounceIn bounceIn\"  role=\"button\" style=\"border-color: #000000; color: #000000;\"  href=\"\/en\/kontakt\/\" data-color-override=\"#000000\" data-hover-color-override=\"false\" data-hover-text-color-override=\"#fff\"><span>Contact<\/span><\/a>\n\t\t<\/div> \n\t<\/div>\n\t<\/div> \n<\/div><\/div>\n\t\t\t<\/div> \n\t\t<\/div>\n\t<\/div> \n\n\t<div  class=\"vc_col-sm-6 wpb_column column_container vc_column_container col no-extra-padding inherit_tablet inherit_phone\"  data-padding-pos=\"all\" data-has-bg-color=\"false\" data-bg-color=\"\" data-bg-opacity=\"1\" data-animation=\"\" data-delay=\"0\" >\n\t\t<div class=\"vc_column-inner\" >\n\t\t\t<div class=\"wpb_wrapper\">\n\t\t\t\t\n\t\t\t<\/div> \n\t\t<\/div>\n\t<\/div> \n<\/div><\/div>","protected":false},"excerpt":{"rendered":"O nas Poznaj nas Historia powstania Naszej firmy Pasja i do\u015bwiadczenie przerodzi\u0142o si\u0119 w SZCZ\u0118\u015aLIWE WN\u0118TRZE Zaczynali\u015bmy od pracy w korporacji. Ja w dziale projekt\u00f3w wn\u0119trz, m\u0105\u017c w wydziale inwestycji....","protected":false},"author":1,"featured_media":0,"parent":0,"menu_order":0,"comment_status":"closed","ping_status":"closed","template":"","meta":{"footnotes":""},"class_list":["post-314","page","type-page","status-publish"],"yoast_head":"<!-- This site is optimized with the Yoast SEO plugin v26.6 - https:\/\/yoast.com\/wordpress\/plugins\/seo\/ -->\n<title>O nas - SZCZ\u0118\u015aLIWE WN\u0118TRZE<\/title>\n<meta name=\"robots\" content=\"index, follow, max-snippet:-1, max-image-preview:large, max-video-preview:-1\" \/>\n<link rel=\"canonical\" href=\"https:\/\/szczesliwewnetrze.pl\/en\/o-nas\/\" \/>\n<meta property=\"og:locale\" content=\"en_US\" \/>\n<meta property=\"og:type\" content=\"article\" \/>\n<meta property=\"og:title\" content=\"O nas - SZCZ\u0118\u015aLIWE WN\u0118TRZE\" \/>\n<meta property=\"og:url\" content=\"https:\/\/szczesliwewnetrze.pl\/en\/o-nas\/\" \/>\n<meta property=\"og:site_name\" content=\"SZCZ\u0118\u015aLIWE WN\u0118TRZE\" \/>\n<meta property=\"article:modified_time\" content=\"2025-02-14T13:02:41+00:00\" \/>\n<meta name=\"twitter:card\" content=\"summary_large_image\" \/>\n<meta name=\"twitter:label1\" content=\"Est. reading time\" \/>\n\t<meta name=\"twitter:data1\" content=\"16 minutes\" \/>\n<script type=\"application\/ld+json\" class=\"yoast-schema-graph\">{\"@context\":\"https:\/\/schema.org\",\"@graph\":[{\"@type\":\"WebPage\",\"@id\":\"https:\/\/szczesliwewnetrze.pl\/o-nas\/\",\"url\":\"https:\/\/szczesliwewnetrze.pl\/o-nas\/\",\"name\":\"O nas - SZCZ\u0118\u015aLIWE WN\u0118TRZE\",\"isPartOf\":{\"@id\":\"https:\/\/szczesliwewnetrze.pl\/#website\"},\"datePublished\":\"2022-03-07T07:50:37+00:00\",\"dateModified\":\"2025-02-14T13:02:41+00:00\",\"breadcrumb\":{\"@id\":\"https:\/\/szczesliwewnetrze.pl\/o-nas\/#breadcrumb\"},\"inLanguage\":\"en-US\",\"potentialAction\":[{\"@type\":\"ReadAction\",\"target\":[\"https:\/\/szczesliwewnetrze.pl\/o-nas\/\"]}]},{\"@type\":\"BreadcrumbList\",\"@id\":\"https:\/\/szczesliwewnetrze.pl\/o-nas\/#breadcrumb\",\"itemListElement\":[{\"@type\":\"ListItem\",\"position\":1,\"name\":\"Strona g\u0142\u00f3wna\",\"item\":\"https:\/\/szczesliwewnetrze.pl\/\"},{\"@type\":\"ListItem\",\"position\":2,\"name\":\"O nas\"}]},{\"@type\":\"WebSite\",\"@id\":\"https:\/\/szczesliwewnetrze.pl\/#website\",\"url\":\"https:\/\/szczesliwewnetrze.pl\/\",\"name\":\"SZCZ\u0118\u015aLIWE WN\u0118TRZE\",\"description\":\"Projekty, budowa wn\u0119trza, wystr\u00f3j.\",\"potentialAction\":[{\"@type\":\"SearchAction\",\"target\":{\"@type\":\"EntryPoint\",\"urlTemplate\":\"https:\/\/szczesliwewnetrze.pl\/?s={search_term_string}\"},\"query-input\":{\"@type\":\"PropertyValueSpecification\",\"valueRequired\":true,\"valueName\":\"search_term_string\"}}],\"inLanguage\":\"en-US\"}]}<\/script>\n<!-- \/ Yoast SEO plugin. -->","yoast_head_json":{"title":"O nas - SZCZ\u0118\u015aLIWE WN\u0118TRZE","robots":{"index":"index","follow":"follow","max-snippet":"max-snippet:-1","max-image-preview":"max-image-preview:large","max-video-preview":"max-video-preview:-1"},"canonical":"https:\/\/szczesliwewnetrze.pl\/en\/o-nas\/","og_locale":"en_US","og_type":"article","og_title":"O nas - SZCZ\u0118\u015aLIWE WN\u0118TRZE","og_url":"https:\/\/szczesliwewnetrze.pl\/en\/o-nas\/","og_site_name":"SZCZ\u0118\u015aLIWE WN\u0118TRZE","article_modified_time":"2025-02-14T13:02:41+00:00","twitter_card":"summary_large_image","twitter_misc":{"Est. reading time":"16 minutes"},"schema":{"@context":"https:\/\/schema.org","@graph":[{"@type":"WebPage","@id":"https:\/\/szczesliwewnetrze.pl\/o-nas\/","url":"https:\/\/szczesliwewnetrze.pl\/o-nas\/","name":"O nas - SZCZ\u0118\u015aLIWE WN\u0118TRZE","isPartOf":{"@id":"https:\/\/szczesliwewnetrze.pl\/#website"},"datePublished":"2022-03-07T07:50:37+00:00","dateModified":"2025-02-14T13:02:41+00:00","breadcrumb":{"@id":"https:\/\/szczesliwewnetrze.pl\/o-nas\/#breadcrumb"},"inLanguage":"en-US","potentialAction":[{"@type":"ReadAction","target":["https:\/\/szczesliwewnetrze.pl\/o-nas\/"]}]},{"@type":"BreadcrumbList","@id":"https:\/\/szczesliwewnetrze.pl\/o-nas\/#breadcrumb","itemListElement":[{"@type":"ListItem","position":1,"name":"Strona g\u0142\u00f3wna","item":"https:\/\/szczesliwewnetrze.pl\/"},{"@type":"ListItem","position":2,"name":"O nas"}]},{"@type":"WebSite","@id":"https:\/\/szczesliwewnetrze.pl\/#website","url":"https:\/\/szczesliwewnetrze.pl\/","name":"HAPPY INTERIOR","description":"Projekty, budowa wn\u0119trza, wystr\u00f3j.","potentialAction":[{"@type":"SearchAction","target":{"@type":"EntryPoint","urlTemplate":"https:\/\/szczesliwewnetrze.pl\/?s={search_term_string}"},"query-input":{"@type":"PropertyValueSpecification","valueRequired":true,"valueName":"search_term_string"}}],"inLanguage":"en-US"}]}},"_links":{"self":[{"href":"https:\/\/szczesliwewnetrze.pl\/en\/wp-json\/wp\/v2\/pages\/314","targetHints":{"allow":["GET"]}}],"collection":[{"href":"https:\/\/szczesliwewnetrze.pl\/en\/wp-json\/wp\/v2\/pages"}],"about":[{"href":"https:\/\/szczesliwewnetrze.pl\/en\/wp-json\/wp\/v2\/types\/page"}],"author":[{"embeddable":true,"href":"https:\/\/szczesliwewnetrze.pl\/en\/wp-json\/wp\/v2\/users\/1"}],"replies":[{"embeddable":true,"href":"https:\/\/szczesliwewnetrze.pl\/en\/wp-json\/wp\/v2\/comments?post=314"}],"version-history":[{"count":109,"href":"https:\/\/szczesliwewnetrze.pl\/en\/wp-json\/wp\/v2\/pages\/314\/revisions"}],"predecessor-version":[{"id":1270,"href":"https:\/\/szczesliwewnetrze.pl\/en\/wp-json\/wp\/v2\/pages\/314\/revisions\/1270"}],"wp:attachment":[{"href":"https:\/\/szczesliwewnetrze.pl\/en\/wp-json\/wp\/v2\/media?parent=314"}],"curies":[{"name":"wp","href":"https:\/\/api.w.org\/{rel}","templated":true}]}}